{"id":1471,"date":"2020-09-11T06:02:38","date_gmt":"2020-09-11T06:02:38","guid":{"rendered":"https:\/\/thebowl.info\/?page_id=1471"},"modified":"2020-09-11T16:05:46","modified_gmt":"2020-09-11T16:05:46","slug":"general","status":"publish","type":"page","link":"https:\/\/thebowl.info\/landing\/general\/","title":{"rendered":"general"},"content":{"rendered":"\t\t<div data-elementor-type=\"wp-page\" data-elementor-id=\"1471\" class=\"elementor elementor-1471\" data-elementor-post-type=\"page\">\n\t\t\t\t\t\t\t\t\t<section class=\"elementor-section elementor-top-section elementor-element elementor-element-bba4021 elementor-section-boxed elementor-section-height-default elementor-section-height-default\" data-id=\"bba4021\" data-element_type=\"section\">\n\t\t\t\t\t\t<div class=\"elementor-container elementor-column-gap-default\">\n\t\t\t\t\t<div class=\"elementor-column elementor-col-33 elementor-top-column elementor-element elementor-element-255d9f9\" data-id=\"255d9f9\" data-element_type=\"column\">\n\t\t\t<div class=\"elementor-widget-wrap elementor-element-populated\">\n\t\t\t\t\t\t\t\t<div class=\"elementor-element elementor-element-21190c7 elementor-nav-menu__text-align-aside elementor-nav-menu--toggle elementor-nav-menu--burger elementor-widget elementor-widget-nav-menu\" data-id=\"21190c7\" data-element_type=\"widget\" data-settings=\"{&quot;layout&quot;:&quot;dropdown&quot;,&quot;submenu_icon&quot;:{&quot;value&quot;:&quot;&lt;i class=\\&quot;fas fa-caret-down\\&quot;&gt;&lt;\\\/i&gt;&quot;,&quot;library&quot;:&quot;fa-solid&quot;},&quot;toggle&quot;:&quot;burger&quot;}\" data-widget_type=\"nav-menu.default\">\n\t\t\t\t<div class=\"elementor-widget-container\">\n\t\t\t\t\t<div class=\"elementor-menu-toggle\" role=\"button\" tabindex=\"0\" aria-label=\"Menu Toggle\" aria-expanded=\"false\">\n\t\t\t<i aria-hidden=\"true\" role=\"presentation\" class=\"elementor-menu-toggle__icon--open eicon-menu-bar\"><\/i><i aria-hidden=\"true\" role=\"presentation\" class=\"elementor-menu-toggle__icon--close eicon-close\"><\/i>\t\t\t<span class=\"elementor-screen-only\">Menu<\/span>\n\t\t<\/div>\n\t\t\t\t\t<nav class=\"elementor-nav-menu--dropdown elementor-nav-menu__container\" aria-hidden=\"true\">\n\t\t\t\t<ul id=\"menu-2-21190c7\" class=\"elementor-nav-menu\"><li class=\"menu-item menu-item-type-post_type menu-item-object-page menu-item-66\"><a href=\"https:\/\/thebowl.info\/landing\/history\/\" class=\"elementor-item\" tabindex=\"-1\">History of the Bowl<\/a><\/li>\n<li class=\"menu-item menu-item-type-post_type menu-item-object-page menu-item-63\"><a href=\"https:\/\/thebowl.info\/landing\/map\/\" class=\"elementor-item\" tabindex=\"-1\">Map of Park<\/a><\/li>\n<\/ul>\t\t\t<\/nav>\n\t\t\t\t<\/div>\n\t\t\t\t<\/div>\n\t\t\t\t\t<\/div>\n\t\t<\/div>\n\t\t\t\t<div class=\"elementor-column elementor-col-33 elementor-top-column elementor-element elementor-element-5be6952\" data-id=\"5be6952\" data-element_type=\"column\">\n\t\t\t<div class=\"elementor-widget-wrap elementor-element-populated\">\n\t\t\t\t\t\t\t\t<div class=\"elementor-element elementor-element-6c29d85 elementor-widget elementor-widget-image\" data-id=\"6c29d85\" data-element_type=\"widget\" data-widget_type=\"image.default\">\n\t\t\t\t<div class=\"elementor-widget-container\">\n\t\t\t\t\t\t\t\t\t\t\t\t\t\t\t\t<a href=\"https:\/\/thebowl.info\/home-2\">\n\t\t\t\t\t\t\t<img decoding=\"async\" loading=\"lazy\" width=\"640\" height=\"640\" src=\"https:\/\/thebowl.info\/wp-content\/uploads\/2020\/09\/lim-10-1024x1024.png\" class=\"attachment-large size-large wp-image-1452\" alt=\"\" srcset=\"https:\/\/thebowl.info\/wp-content\/uploads\/2020\/09\/lim-10-1024x1024.png 1024w, https:\/\/thebowl.info\/wp-content\/uploads\/2020\/09\/lim-10-300x300.png 300w, https:\/\/thebowl.info\/wp-content\/uploads\/2020\/09\/lim-10-150x150.png 150w, https:\/\/thebowl.info\/wp-content\/uploads\/2020\/09\/lim-10-768x768.png 768w, https:\/\/thebowl.info\/wp-content\/uploads\/2020\/09\/lim-10-1536x1536.png 1536w, https:\/\/thebowl.info\/wp-content\/uploads\/2020\/09\/lim-10-800x800.png 800w, https:\/\/thebowl.info\/wp-content\/uploads\/2020\/09\/lim-10-e1619285050429.png 500w\" sizes=\"(max-width: 640px) 100vw, 640px\" \/>\t\t\t\t\t\t\t\t<\/a>\n\t\t\t\t\t\t\t\t\t\t\t\t\t\t\t<\/div>\n\t\t\t\t<\/div>\n\t\t\t\t\t<\/div>\n\t\t<\/div>\n\t\t\t\t<div class=\"elementor-column elementor-col-33 elementor-top-column elementor-element elementor-element-81abb49\" data-id=\"81abb49\" data-element_type=\"column\">\n\t\t\t<div class=\"elementor-widget-wrap elementor-element-populated\">\n\t\t\t\t\t\t\t\t<div class=\"elementor-element elementor-element-ceb9543 elementor-search-form--skin-classic elementor-search-form--button-type-icon elementor-search-form--icon-search elementor-widget elementor-widget-search-form\" data-id=\"ceb9543\" data-element_type=\"widget\" data-settings=\"{&quot;skin&quot;:&quot;classic&quot;}\" data-widget_type=\"search-form.default\">\n\t\t\t\t<div class=\"elementor-widget-container\">\n\t\t\t\t\t<form class=\"elementor-search-form\" action=\"https:\/\/thebowl.info\/landing\" method=\"get\" role=\"search\">\n\t\t\t\t\t\t\t\t\t<div class=\"elementor-search-form__container\">\n\t\t\t\t<label class=\"elementor-screen-only\" for=\"elementor-search-form-ceb9543\">Search<\/label>\n\n\t\t\t\t\n\t\t\t\t<input id=\"elementor-search-form-ceb9543\" placeholder=\"Search...\" class=\"elementor-search-form__input\" type=\"search\" name=\"s\" value=\"\">\n\t\t\t\t\n\t\t\t\t\t\t\t\t\t<button class=\"elementor-search-form__submit\" type=\"submit\" aria-label=\"Search\">\n\t\t\t\t\t\t\t\t\t\t\t\t\t<i aria-hidden=\"true\" class=\"fas fa-search\"><\/i>\t\t\t\t\t\t\t<span class=\"elementor-screen-only\">Search<\/span>\n\t\t\t\t\t\t\t\t\t\t\t<\/button>\n\t\t\t\t\n\t\t\t\t\t\t\t<\/div>\n\t\t<\/form>\n\t\t\t\t<\/div>\n\t\t\t\t<\/div>\n\t\t\t\t\t<\/div>\n\t\t<\/div>\n\t\t\t\t\t\t\t<\/div>\n\t\t<\/section>\n\t\t\t\t<section class=\"elementor-section elementor-top-section elementor-element elementor-element-905aad4 elementor-section-boxed elementor-section-height-default elementor-section-height-default\" data-id=\"905aad4\" data-element_type=\"section\">\n\t\t\t\t\t\t<div class=\"elementor-container elementor-column-gap-default\">\n\t\t\t\t\t<div class=\"elementor-column elementor-col-100 elementor-top-column elementor-element elementor-element-61967da\" data-id=\"61967da\" data-element_type=\"column\">\n\t\t\t<div class=\"elementor-widget-wrap elementor-element-populated\">\n\t\t\t\t\t\t\t\t<div class=\"elementor-element elementor-element-5cb6720 elementor-widget elementor-widget-heading\" data-id=\"5cb6720\" data-element_type=\"widget\" data-widget_type=\"heading.default\">\n\t\t\t\t<div class=\"elementor-widget-container\">\n\t\t\t<h2 class=\"elementor-heading-title elementor-size-default\">General News<\/h2>\t\t<\/div>\n\t\t\t\t<\/div>\n\t\t\t\t<div class=\"elementor-element elementor-element-6226a80 elementor-grid-eael-col-4 elementor-grid-tablet-eael-col-2 elementor-grid-mobile-eael-col-1 elementor-widget elementor-widget-eael-post-grid\" data-id=\"6226a80\" data-element_type=\"widget\" data-settings=\"{&quot;eael_post_grid_columns&quot;:&quot;eael-col-4&quot;,&quot;eael_post_grid_columns_tablet&quot;:&quot;eael-col-2&quot;,&quot;eael_post_grid_columns_mobile&quot;:&quot;eael-col-1&quot;}\" data-widget_type=\"eael-post-grid.default\">\n\t\t\t\t<div class=\"elementor-widget-container\">\n\t\t\t<div id=\"eael-post-grid-6226a80\" class=\"eael-post-grid-container\">\n            <div class=\"eael-post-grid eael-post-appender eael-post-appender-6226a80 eael-post-grid-style-default\" data-layout-mode=\"masonry\"><article class=\"eael-grid-post eael-post-grid-column\" data-id=\"8471\">\n        <div class=\"eael-grid-post-holder\">\n            <div class=\"eael-grid-post-holder-inner\"><div class=\"eael-entry-wrapper\"><header class=\"eael-entry-header\"><h2 class=\"eael-entry-title\"><a\n                        class=\"eael-grid-post-link\"\n                        href=\"https:\/\/thebowl.info\/landing\/general\/kako-preveriti-varnost-v-wazamba-casino\/\"\n                        title=\"Kako preveriti varnost v Wazamba Casino\">Kako preveriti varnost v Wazamba Casino<\/a><\/h2><\/header><div class=\"eael-entry-content\">\n                        <div class=\"eael-grid-post-excerpt\"><p>Pri izbiri spletne igralnice je klju\u010dnega pomena zagotoviti, da je...<\/p><a\n                            href=\"https:\/\/thebowl.info\/landing\/general\/kako-preveriti-varnost-v-wazamba-casino\/\"\n                            class=\"eael-post-elements-readmore-btn\">Read More<\/a><\/div>\n                    <\/div><div class=\"eael-entry-footer\"><div class=\"eael-author-avatar\"><a href=\"https:\/\/thebowl.info\/landing\/author\/ilivehere\/\"><\/a><\/div><div class=\"eael-entry-meta\"><span class=\"eael-posted-by\"><a href=\"https:\/\/thebowl.info\/landing\/author\/ilivehere\/\" title=\"Posts by Ilivehere\" rel=\"author\">Ilivehere<\/a><\/span><span class=\"eael-posted-on\"><time datetime=\"April 21, 2026\">April 21, 2026<\/time><\/span><\/div><\/div><\/div><\/div>\n        <\/div>\n    <\/article><article class=\"eael-grid-post eael-post-grid-column\" data-id=\"8453\">\n        <div class=\"eael-grid-post-holder\">\n            <div class=\"eael-grid-post-holder-inner\"><div class=\"eael-entry-wrapper\"><header class=\"eael-entry-header\"><h2 class=\"eael-entry-title\"><a\n                        class=\"eael-grid-post-link\"\n                        href=\"https:\/\/thebowl.info\/landing\/general\/vklady-bez-bonusov-online-pre-bezpecne-hranie\/\"\n                        title=\"Vklady bez bonusov online pre bezpe\u010dn\u00e9 hranie\">Vklady bez bonusov online pre bezpe\u010dn\u00e9 hranie<\/a><\/h2><\/header><div class=\"eael-entry-content\">\n                        <div class=\"eael-grid-post-excerpt\"><p>V dne\u0161nej dobe je online hazard ve\u013emi popul\u00e1rny sp\u00f4sob z\u00e1bavy...<\/p><a\n                            href=\"https:\/\/thebowl.info\/landing\/general\/vklady-bez-bonusov-online-pre-bezpecne-hranie\/\"\n                            class=\"eael-post-elements-readmore-btn\">Read More<\/a><\/div>\n                    <\/div><div class=\"eael-entry-footer\"><div class=\"eael-author-avatar\"><a href=\"https:\/\/thebowl.info\/landing\/author\/ilivehere\/\"><\/a><\/div><div class=\"eael-entry-meta\"><span class=\"eael-posted-by\"><a href=\"https:\/\/thebowl.info\/landing\/author\/ilivehere\/\" title=\"Posts by Ilivehere\" rel=\"author\">Ilivehere<\/a><\/span><span class=\"eael-posted-on\"><time datetime=\"April 21, 2026\">April 21, 2026<\/time><\/span><\/div><\/div><\/div><\/div>\n        <\/div>\n    <\/article><article class=\"eael-grid-post eael-post-grid-column\" data-id=\"8024\">\n        <div class=\"eael-grid-post-holder\">\n            <div class=\"eael-grid-post-holder-inner\"><div class=\"eael-entry-wrapper\"><header class=\"eael-entry-header\"><h2 class=\"eael-entry-title\"><a\n                        class=\"eael-grid-post-link\"\n                        href=\"https:\/\/thebowl.info\/landing\/general\/vantaggi-di-scegliere-casino-online-sicuri-per-le-tue-vincite\/\"\n                        title=\"Vantaggi di scegliere casin\u00f2 online sicuri per le tue vincite\">Vantaggi di scegliere casin\u00f2 online sicuri per le tue vincite<\/a><\/h2><\/header><div class=\"eael-entry-content\">\n                        <div class=\"eael-grid-post-excerpt\"><p>Nel mondo del gioco d&#8217;azzardo online, la sicurezza \u00e8 un...<\/p><a\n                            href=\"https:\/\/thebowl.info\/landing\/general\/vantaggi-di-scegliere-casino-online-sicuri-per-le-tue-vincite\/\"\n                            class=\"eael-post-elements-readmore-btn\">Read More<\/a><\/div>\n                    <\/div><div class=\"eael-entry-footer\"><div class=\"eael-author-avatar\"><a href=\"https:\/\/thebowl.info\/landing\/author\/ilivehere\/\"><\/a><\/div><div class=\"eael-entry-meta\"><span class=\"eael-posted-by\"><a href=\"https:\/\/thebowl.info\/landing\/author\/ilivehere\/\" title=\"Posts by Ilivehere\" rel=\"author\">Ilivehere<\/a><\/span><span class=\"eael-posted-on\"><time datetime=\"April 17, 2026\">April 17, 2026<\/time><\/span><\/div><\/div><\/div><\/div>\n        <\/div>\n    <\/article><article class=\"eael-grid-post eael-post-grid-column\" data-id=\"8023\">\n        <div class=\"eael-grid-post-holder\">\n            <div class=\"eael-grid-post-holder-inner\"><div class=\"eael-entry-wrapper\"><header class=\"eael-entry-header\"><h2 class=\"eael-entry-title\"><a\n                        class=\"eael-grid-post-link\"\n                        href=\"https:\/\/thebowl.info\/landing\/general\/betify-une-oasis-de-calme-dans-le-tumulte-du-web\/\"\n                        title=\"Betify une oasis de calme dans le tumulte du web\">Betify une oasis de calme dans le tumulte du web<\/a><\/h2><\/header><div class=\"eael-entry-content\">\n                        <div class=\"eael-grid-post-excerpt\"><p>Dans un monde num\u00e9rique satur\u00e9 d&#8217;informations, de notifications constantes et...<\/p><a\n                            href=\"https:\/\/thebowl.info\/landing\/general\/betify-une-oasis-de-calme-dans-le-tumulte-du-web\/\"\n                            class=\"eael-post-elements-readmore-btn\">Read More<\/a><\/div>\n                    <\/div><div class=\"eael-entry-footer\"><div class=\"eael-author-avatar\"><a href=\"https:\/\/thebowl.info\/landing\/author\/ilivehere\/\"><\/a><\/div><div class=\"eael-entry-meta\"><span class=\"eael-posted-by\"><a href=\"https:\/\/thebowl.info\/landing\/author\/ilivehere\/\" title=\"Posts by Ilivehere\" rel=\"author\">Ilivehere<\/a><\/span><span class=\"eael-posted-on\"><time datetime=\"April 17, 2026\">April 17, 2026<\/time><\/span><\/div><\/div><\/div><\/div>\n        <\/div>\n    <\/article><article class=\"eael-grid-post eael-post-grid-column\" data-id=\"8022\">\n        <div class=\"eael-grid-post-holder\">\n            <div class=\"eael-grid-post-holder-inner\"><div class=\"eael-entry-wrapper\"><header class=\"eael-entry-header\"><h2 class=\"eael-entry-title\"><a\n                        class=\"eael-grid-post-link\"\n                        href=\"https:\/\/thebowl.info\/landing\/general\/decouverte-des-jeux-populaires-de-legiano-casino-guide-complet\/\"\n                        title=\"D\u00e9couverte des jeux populaires de Legiano Casino Guide complet\">D\u00e9couverte des jeux populaires de Legiano Casino Guide complet<\/a><\/h2><\/header><div class=\"eael-entry-content\">\n                        <div class=\"eael-grid-post-excerpt\"><p>Legiano Casino est une plateforme de jeu en ligne qui...<\/p><a\n                            href=\"https:\/\/thebowl.info\/landing\/general\/decouverte-des-jeux-populaires-de-legiano-casino-guide-complet\/\"\n                            class=\"eael-post-elements-readmore-btn\">Read More<\/a><\/div>\n                    <\/div><div class=\"eael-entry-footer\"><div class=\"eael-author-avatar\"><a href=\"https:\/\/thebowl.info\/landing\/author\/ilivehere\/\"><\/a><\/div><div class=\"eael-entry-meta\"><span class=\"eael-posted-by\"><a href=\"https:\/\/thebowl.info\/landing\/author\/ilivehere\/\" title=\"Posts by Ilivehere\" rel=\"author\">Ilivehere<\/a><\/span><span class=\"eael-posted-on\"><time datetime=\"April 17, 2026\">April 17, 2026<\/time><\/span><\/div><\/div><\/div><\/div>\n        <\/div>\n    <\/article><article class=\"eael-grid-post eael-post-grid-column\" data-id=\"8021\">\n        <div class=\"eael-grid-post-holder\">\n            <div class=\"eael-grid-post-holder-inner\"><div class=\"eael-entry-wrapper\"><header class=\"eael-entry-header\"><h2 class=\"eael-entry-title\"><a\n                        class=\"eael-grid-post-link\"\n                        href=\"https:\/\/thebowl.info\/landing\/general\/pourquoi-legiano-casino-online-est-populaire-en-france\/\"\n                        title=\"Pourquoi Legiano Casino Online est populaire en France\">Pourquoi Legiano Casino Online est populaire en France<\/a><\/h2><\/header><div class=\"eael-entry-content\">\n                        <div class=\"eael-grid-post-excerpt\"><p>Le march\u00e9 du jeu en ligne en France conna\u00eet une...<\/p><a\n                            href=\"https:\/\/thebowl.info\/landing\/general\/pourquoi-legiano-casino-online-est-populaire-en-france\/\"\n                            class=\"eael-post-elements-readmore-btn\">Read More<\/a><\/div>\n                    <\/div><div class=\"eael-entry-footer\"><div class=\"eael-author-avatar\"><a href=\"https:\/\/thebowl.info\/landing\/author\/ilivehere\/\"><\/a><\/div><div class=\"eael-entry-meta\"><span class=\"eael-posted-by\"><a href=\"https:\/\/thebowl.info\/landing\/author\/ilivehere\/\" title=\"Posts by Ilivehere\" rel=\"author\">Ilivehere<\/a><\/span><span class=\"eael-posted-on\"><time datetime=\"April 17, 2026\">April 17, 2026<\/time><\/span><\/div><\/div><\/div><\/div>\n        <\/div>\n    <\/article><article class=\"eael-grid-post eael-post-grid-column\" data-id=\"8020\">\n        <div class=\"eael-grid-post-holder\">\n            <div class=\"eael-grid-post-holder-inner\"><div class=\"eael-entry-wrapper\"><header class=\"eael-entry-header\"><h2 class=\"eael-entry-title\"><a\n                        class=\"eael-grid-post-link\"\n                        href=\"https:\/\/thebowl.info\/landing\/general\/richard-casino-australia-quick-crypto-withdrawals-payouts-in-minutes-via-coinspaid\/\"\n                        title=\"Richard Casino Australia Quick Crypto Withdrawals Payouts in Minutes via CoinsPaid\">Richard Casino Australia Quick Crypto Withdrawals Payouts in Minutes via CoinsPaid<\/a><\/h2><\/header><div class=\"eael-entry-content\">\n                        <div class=\"eael-grid-post-excerpt\"><p>Richard Casino Australia offers players a seamless gambling experience with...<\/p><a\n                            href=\"https:\/\/thebowl.info\/landing\/general\/richard-casino-australia-quick-crypto-withdrawals-payouts-in-minutes-via-coinspaid\/\"\n                            class=\"eael-post-elements-readmore-btn\">Read More<\/a><\/div>\n                    <\/div><div class=\"eael-entry-footer\"><div class=\"eael-author-avatar\"><a href=\"https:\/\/thebowl.info\/landing\/author\/ilivehere\/\"><\/a><\/div><div class=\"eael-entry-meta\"><span class=\"eael-posted-by\"><a href=\"https:\/\/thebowl.info\/landing\/author\/ilivehere\/\" title=\"Posts by Ilivehere\" rel=\"author\">Ilivehere<\/a><\/span><span class=\"eael-posted-on\"><time datetime=\"April 17, 2026\">April 17, 2026<\/time><\/span><\/div><\/div><\/div><\/div>\n        <\/div>\n    <\/article><article class=\"eael-grid-post eael-post-grid-column\" data-id=\"8019\">\n        <div class=\"eael-grid-post-holder\">\n            <div class=\"eael-grid-post-holder-inner\"><div class=\"eael-entry-wrapper\"><header class=\"eael-entry-header\"><h2 class=\"eael-entry-title\"><a\n                        class=\"eael-grid-post-link\"\n                        href=\"https:\/\/thebowl.info\/landing\/general\/rocketplay-australia-responsible-gambling-tools-for-local-players\/\"\n                        title=\"Rocketplay Australia Responsible Gambling Tools for Local Players\">Rocketplay Australia Responsible Gambling Tools for Local Players<\/a><\/h2><\/header><div class=\"eael-entry-content\">\n                        <div class=\"eael-grid-post-excerpt\"><p>Online gambling is a popular form of entertainment among Australians,...<\/p><a\n                            href=\"https:\/\/thebowl.info\/landing\/general\/rocketplay-australia-responsible-gambling-tools-for-local-players\/\"\n                            class=\"eael-post-elements-readmore-btn\">Read More<\/a><\/div>\n                    <\/div><div class=\"eael-entry-footer\"><div class=\"eael-author-avatar\"><a href=\"https:\/\/thebowl.info\/landing\/author\/ilivehere\/\"><\/a><\/div><div class=\"eael-entry-meta\"><span class=\"eael-posted-by\"><a href=\"https:\/\/thebowl.info\/landing\/author\/ilivehere\/\" title=\"Posts by Ilivehere\" rel=\"author\">Ilivehere<\/a><\/span><span class=\"eael-posted-on\"><time datetime=\"April 17, 2026\">April 17, 2026<\/time><\/span><\/div><\/div><\/div><\/div>\n        <\/div>\n    <\/article><article class=\"eael-grid-post eael-post-grid-column\" data-id=\"7238\">\n        <div class=\"eael-grid-post-holder\">\n            <div class=\"eael-grid-post-holder-inner\"><div class=\"eael-entry-wrapper\"><header class=\"eael-entry-header\"><h2 class=\"eael-entry-title\"><a\n                        class=\"eael-grid-post-link\"\n                        href=\"https:\/\/thebowl.info\/landing\/general\/conseils-pour-debuter-sur-legiano-casino-en-ligne\/\"\n                        title=\"Conseils pour d\u00e9buter sur Legiano Casino en ligne\">Conseils pour d\u00e9buter sur Legiano Casino en ligne<\/a><\/h2><\/header><div class=\"eael-entry-content\">\n                        <div class=\"eael-grid-post-excerpt\"><p>Se lancer dans l&#8217;univers des casinos en ligne peut sembler...<\/p><a\n                            href=\"https:\/\/thebowl.info\/landing\/general\/conseils-pour-debuter-sur-legiano-casino-en-ligne\/\"\n                            class=\"eael-post-elements-readmore-btn\">Read More<\/a><\/div>\n                    <\/div><div class=\"eael-entry-footer\"><div class=\"eael-author-avatar\"><a href=\"https:\/\/thebowl.info\/landing\/author\/ilivehere\/\"><\/a><\/div><div class=\"eael-entry-meta\"><span class=\"eael-posted-by\"><a href=\"https:\/\/thebowl.info\/landing\/author\/ilivehere\/\" title=\"Posts by Ilivehere\" rel=\"author\">Ilivehere<\/a><\/span><span class=\"eael-posted-on\"><time datetime=\"April 15, 2026\">April 15, 2026<\/time><\/span><\/div><\/div><\/div><\/div>\n        <\/div>\n    <\/article><article class=\"eael-grid-post eael-post-grid-column\" data-id=\"7237\">\n        <div class=\"eael-grid-post-holder\">\n            <div class=\"eael-grid-post-holder-inner\"><div class=\"eael-entry-wrapper\"><header class=\"eael-entry-header\"><h2 class=\"eael-entry-title\"><a\n                        class=\"eael-grid-post-link\"\n                        href=\"https:\/\/thebowl.info\/landing\/general\/meilleures-plateformes-de-casino-en-ligne-en-france\/\"\n                        title=\"Meilleures plateformes de casino en ligne en France\">Meilleures plateformes de casino en ligne en France<\/a><\/h2><\/header><div class=\"eael-entry-content\">\n                        <div class=\"eael-grid-post-excerpt\"><p>Le march\u00e9 des casinos en ligne en France conna\u00eet une...<\/p><a\n                            href=\"https:\/\/thebowl.info\/landing\/general\/meilleures-plateformes-de-casino-en-ligne-en-france\/\"\n                            class=\"eael-post-elements-readmore-btn\">Read More<\/a><\/div>\n                    <\/div><div class=\"eael-entry-footer\"><div class=\"eael-author-avatar\"><a href=\"https:\/\/thebowl.info\/landing\/author\/ilivehere\/\"><\/a><\/div><div class=\"eael-entry-meta\"><span class=\"eael-posted-by\"><a href=\"https:\/\/thebowl.info\/landing\/author\/ilivehere\/\" title=\"Posts by Ilivehere\" rel=\"author\">Ilivehere<\/a><\/span><span class=\"eael-posted-on\"><time datetime=\"April 15, 2026\">April 15, 2026<\/time><\/span><\/div><\/div><\/div><\/div>\n        <\/div>\n    <\/article><\/div>\n            <div class=\"clearfix\"><\/div>\n        <\/div>            <div class=\"eael-load-more-button-wrap\">\n                <button class=\"eael-load-more-button\" id=\"eael-load-more-btn-6226a80\" data-widget-id=\"6226a80\" data-widget=\"6226a80\" data-page-id=\"1471\" data-nonce=\"a4fbac608b\" data-template=\"{&quot;dir&quot;:&quot;lite&quot;,&quot;file_name&quot;:&quot;default.php&quot;,&quot;name&quot;:&quot;Post-Grid&quot;}\" data-class=\"Essential_Addons_Elementor\\Elements\\Post_Grid\" data-layout=\"masonry\" data-page=\"1\" data-args=\"orderby=date&amp;order=desc&amp;ignore_sticky_posts=1&amp;post_status=publish&amp;posts_per_page=10&amp;offset=0&amp;post_type=post&amp;tax_query%5B0%5D%5Btaxonomy%5D=category&amp;tax_query%5B0%5D%5Bfield%5D=term_id&amp;tax_query%5B0%5D%5Bterms%5D%5B0%5D=26&amp;tax_query%5Brelation%5D=AND\" data-max-page=\"409\">\n                    <div class=\"eael-btn-loader button__loader\"><\/div>\n                    <span>Load More<\/span>\n                <\/button>\n            <\/div>\n        \t\t<\/div>\n\t\t\t\t<\/div>\n\t\t\t\t\t<\/div>\n\t\t<\/div>\n\t\t\t\t\t\t\t<\/div>\n\t\t<\/section>\n\t\t\t\t\t\t\t<\/div>\n\t\t","protected":false},"excerpt":{"rendered":"<p>General News Welcome Everyone!! admin Hello Everyone! We are so happy to have you&#8230; Read More adminSeptember 11, 2020 Load More<\/p>\n","protected":false},"author":1,"featured_media":0,"parent":0,"menu_order":0,"comment_status":"closed","ping_status":"closed","template":"elementor_canvas","meta":{"footnotes":""},"_links":{"self":[{"href":"https:\/\/thebowl.info\/landing\/wp-json\/wp\/v2\/pages\/1471"}],"collection":[{"href":"https:\/\/thebowl.info\/landing\/wp-json\/wp\/v2\/pages"}],"about":[{"href":"https:\/\/thebowl.info\/landing\/wp-json\/wp\/v2\/types\/page"}],"author":[{"embeddable":true,"href":"https:\/\/thebowl.info\/landing\/wp-json\/wp\/v2\/users\/1"}],"replies":[{"embeddable":true,"href":"https:\/\/thebowl.info\/landing\/wp-json\/wp\/v2\/comments?post=1471"}],"version-history":[{"count":0,"href":"https:\/\/thebowl.info\/landing\/wp-json\/wp\/v2\/pages\/1471\/revisions"}],"wp:attachment":[{"href":"https:\/\/thebowl.info\/landing\/wp-json\/wp\/v2\/media?parent=1471"}],"curies":[{"name":"wp","href":"https:\/\/api.w.org\/{rel}","templated":true}]}}